{"id":10,"date":"2024-07-05T11:39:41","date_gmt":"2024-07-05T09:39:41","guid":{"rendered":"https:\/\/videotar.tinodi-eger.hu\/?page_id=10"},"modified":"2024-07-10T22:59:49","modified_gmt":"2024-07-10T20:59:49","slug":"kezdolap","status":"publish","type":"page","link":"https:\/\/videotar.tinodi-eger.hu\/","title":{"rendered":"Kezd\u0151lap"},"content":{"rendered":"\n<p class=\"has-medium-font-size\">K\u00f6sz\u00f6ntj\u00fck az Egri Balassi B\u00e1lint \u00c1ltal\u00e1nos Iskola Tin\u00f3di Sebesty\u00e9n Magyar-Angol K\u00e9t Tan\u00edt\u00e1si Nyelv\u0171 Tagiskol\u00e1j\u00e1nak VIDE\u00d3T\u00c1R\u00c1BAN. A honlap folyamatosan friss\u00fcl.<\/p>\n\n\n\n<p class=\"has-medium-font-size\">\u00c9szrev\u00e9teleiket a <strong>videotar@tinodi-eger.hu<\/strong> e-mail c\u00edmre v\u00e1rjuk! Amennyiben konkr\u00e9t vide\u00f3t szeretn\u00e9nek a vide\u00f3t\u00e1rban l\u00e1tni, szint\u00e9n ezen a c\u00edmen k\u00e9rhetik.<\/p>\n","protected":false},"excerpt":{"rendered":"<p>K\u00f6sz\u00f6ntj\u00fck az Egri Balassi B\u00e1lint \u00c1ltal\u00e1nos Iskola Tin\u00f3di Sebesty\u00e9n Magyar-Angol K\u00e9t Tan\u00edt\u00e1si Nyelv\u0171 Tagiskol\u00e1j\u00e1nak VIDE\u00d3T\u00c1R\u00c1BAN. A honlap folyamatosan friss\u00fcl. \u00c9szrev\u00e9teleiket a videotar@tinodi-eger.hu e-mail c\u00edmre v\u00e1rjuk! Amennyiben konkr\u00e9t vide\u00f3t szeretn\u00e9nek a &#8230;<\/p>\n","protected":false},"author":1,"featured_media":0,"parent":0,"menu_order":0,"comment_status":"closed","ping_status":"closed","template":"","meta":{"footnotes":""},"class_list":["post-10","page","type-page","status-publish","hentry"],"_links":{"self":[{"href":"https:\/\/videotar.tinodi-eger.hu\/index.php\/wp-json\/wp\/v2\/pages\/10","targetHints":{"allow":["GET"]}}],"collection":[{"href":"https:\/\/videotar.tinodi-eger.hu\/index.php\/wp-json\/wp\/v2\/pages"}],"about":[{"href":"https:\/\/videotar.tinodi-eger.hu\/index.php\/wp-json\/wp\/v2\/types\/page"}],"author":[{"embeddable":true,"href":"https:\/\/videotar.tinodi-eger.hu\/index.php\/wp-json\/wp\/v2\/users\/1"}],"replies":[{"embeddable":true,"href":"https:\/\/videotar.tinodi-eger.hu\/index.php\/wp-json\/wp\/v2\/comments?post=10"}],"version-history":[{"count":6,"href":"https:\/\/videotar.tinodi-eger.hu\/index.php\/wp-json\/wp\/v2\/pages\/10\/revisions"}],"predecessor-version":[{"id":176,"href":"https:\/\/videotar.tinodi-eger.hu\/index.php\/wp-json\/wp\/v2\/pages\/10\/revisions\/176"}],"wp:attachment":[{"href":"https:\/\/videotar.tinodi-eger.hu\/index.php\/wp-json\/wp\/v2\/media?parent=10"}],"curies":[{"name":"wp","href":"https:\/\/api.w.org\/{rel}","templated":true}]}}