{"id":11,"date":"2024-07-05T11:39:41","date_gmt":"2024-07-05T09:39:41","guid":{"rendered":"https:\/\/videotar.tinodi-eger.hu\/?page_id=11"},"modified":"2025-05-24T11:43:14","modified_gmt":"2025-05-24T09:43:14","slug":"aktualis-videok","status":"publish","type":"page","link":"https:\/\/videotar.tinodi-eger.hu\/index.php\/aktualis-videok\/","title":{"rendered":"Aktu\u00e1lis vide\u00f3k- 2024\/25"},"content":{"rendered":"\n<p><strong>Itt tal\u00e1lja az idei tan\u00e9v esem\u00e9nyeir\u0151l k\u00e9sz\u00fclt vide\u00f3kat<\/strong><\/p>\n\n\n\n<div class=\"wp-block-columns is-layout-flex wp-container-core-columns-is-layout-9d6595d7 wp-block-columns-is-layout-flex\">\n<div class=\"wp-block-column is-layout-flow wp-block-column-is-layout-flow\">\n<p><strong>c\u00edm<\/strong><\/p>\n<\/div>\n<\/div>\n\n\n<p><iframe loading=\"lazy\" id=\"player-7a596d5002\" class=\"indavideo-player\" title=\"indavideo video player\" src=\"\/\/embed.indavideo.hu\/player\/video\/7a596d5002\" width=\"640\" height=\"360\" frameborder=\"0\" scrolling=\"no\" allowfullscreen=\"allowfullscreen\"><\/iframe><\/p>\n<p><iframe loading=\"lazy\" id=\"player-7081d1bef1\" class=\"indavideo-player\" title=\"indavideo video player\" src=\"\/\/embed.indavideo.hu\/player\/video\/7081d1bef1\" width=\"640\" height=\"360\" frameborder=\"0\" scrolling=\"no\" allowfullscreen=\"allowfullscreen\"><\/iframe><\/p>","protected":false},"excerpt":{"rendered":"<p>Itt tal\u00e1lja az idei tan\u00e9v esem\u00e9nyeir\u0151l k\u00e9sz\u00fclt vide\u00f3kat c\u00edm<\/p>\n","protected":false},"author":2,"featured_media":0,"parent":0,"menu_order":0,"comment_status":"closed","ping_status":"closed","template":"","meta":{"footnotes":""},"class_list":["post-11","page","type-page","status-publish","hentry"],"_links":{"self":[{"href":"https:\/\/videotar.tinodi-eger.hu\/index.php\/wp-json\/wp\/v2\/pages\/11","targetHints":{"allow":["GET"]}}],"collection":[{"href":"https:\/\/videotar.tinodi-eger.hu\/index.php\/wp-json\/wp\/v2\/pages"}],"about":[{"href":"https:\/\/videotar.tinodi-eger.hu\/index.php\/wp-json\/wp\/v2\/types\/page"}],"author":[{"embeddable":true,"href":"https:\/\/videotar.tinodi-eger.hu\/index.php\/wp-json\/wp\/v2\/users\/2"}],"replies":[{"embeddable":true,"href":"https:\/\/videotar.tinodi-eger.hu\/index.php\/wp-json\/wp\/v2\/comments?post=11"}],"version-history":[{"count":13,"href":"https:\/\/videotar.tinodi-eger.hu\/index.php\/wp-json\/wp\/v2\/pages\/11\/revisions"}],"predecessor-version":[{"id":251,"href":"https:\/\/videotar.tinodi-eger.hu\/index.php\/wp-json\/wp\/v2\/pages\/11\/revisions\/251"}],"wp:attachment":[{"href":"https:\/\/videotar.tinodi-eger.hu\/index.php\/wp-json\/wp\/v2\/media?parent=11"}],"curies":[{"name":"wp","href":"https:\/\/api.w.org\/{rel}","templated":true}]}}