{"id":115,"date":"2024-07-09T12:06:38","date_gmt":"2024-07-09T10:06:38","guid":{"rendered":"https:\/\/videotar.tinodi-eger.hu\/?page_id=115"},"modified":"2024-07-10T23:42:22","modified_gmt":"2024-07-10T21:42:22","slug":"2023-2024","status":"publish","type":"page","link":"https:\/\/videotar.tinodi-eger.hu\/index.php\/archiv\/2023-2024\/","title":{"rendered":"2023\/2024"},"content":{"rendered":"\n<p class=\"has-text-align-left has-white-color has-vivid-cyan-blue-background-color has-text-color has-background has-link-color has-medium-font-size wp-elements-4df8659e8987807ef41bb684fa4dacec\">2023\/2024-es tan\u00e9v vide\u00f3i<\/p>\n\n\n\n<p class=\"has-vivid-cyan-blue-color has-text-color has-link-color has-medium-font-size wp-elements-1313566407a8b41e64ac2a2add2b23b6\"><\/p>\n\n\n<p><iframe loading=\"lazy\" id=\"player-7a596d5002\" class=\"indavideo-player\" title=\"indavideo video player\" src=\"\/\/embed.indavideo.hu\/player\/video\/7a596d5002\" width=\"640\" height=\"360\" frameborder=\"0\" scrolling=\"no\" allowfullscreen=\"allowfullscreen\"><\/iframe><\/p>\n\n\n<hr class=\"wp-block-separator has-text-color has-pale-pink-color has-alpha-channel-opacity has-pale-pink-background-color has-background is-style-wide\"\/>\n\n\n\n<p><iframe loading=\"lazy\" id=\"player-7081d1bef1\" class=\"indavideo-player\" title=\"indavideo video player\" src=\"\/\/embed.indavideo.hu\/player\/video\/7081d1bef1\" width=\"640\" height=\"360\" frameborder=\"0\" scrolling=\"no\" allowfullscreen=\"allowfullscreen\"><\/iframe><\/p>\n\n\n\n<hr class=\"wp-block-separator has-text-color has-pale-pink-color has-alpha-channel-opacity has-pale-pink-background-color has-background is-style-wide\"\/>\n\n\n\n<p><iframe loading=\"lazy\" id=\"player-6452f07a52\" class=\"indavideo-player\" title=\"indavideo video player\" src=\"\/\/embed.indavideo.hu\/player\/video\/6452f07a52\" width=\"640\" height=\"360\" frameborder=\"0\" scrolling=\"no\" allowfullscreen=\"allowfullscreen\"><\/iframe><\/p>\n\n\n\n<hr class=\"wp-block-separator has-text-color has-pale-pink-color has-alpha-channel-opacity has-pale-pink-background-color has-background is-style-wide\"\/>\n\n\n\n<p class=\"has-text-align-left\"><iframe loading=\"lazy\" id=\"player-abd45cf2f2\" class=\"indavideo-player\" title=\"indavideo video player\" src=\"\/\/embed.indavideo.hu\/player\/video\/abd45cf2f2\" width=\"640\" height=\"360\" frameborder=\"0\" scrolling=\"no\" allowfullscreen=\"allowfullscreen\"><\/iframe><\/p>\n\n\n\n<hr class=\"wp-block-separator has-text-color has-pale-pink-color has-alpha-channel-opacity has-pale-pink-background-color has-background is-style-wide\"\/>\n\n\n\n<p class=\"has-text-align-left\"><iframe loading=\"lazy\" id=\"player-452a8d62a1\" class=\"indavideo-player\" title=\"indavideo video player\" src=\"\/\/embed.indavideo.hu\/player\/video\/452a8d62a1\" width=\"640\" height=\"360\" frameborder=\"0\" scrolling=\"no\" allowfullscreen=\"allowfullscreen\"><\/iframe><\/p>\n\n\n\n<hr class=\"wp-block-separator has-text-color has-pale-pink-color has-alpha-channel-opacity has-pale-pink-background-color has-background is-style-wide\"\/>\n\n\n\n<p class=\"has-text-align-left\"><br><iframe loading=\"lazy\" id=\"player-b47c4b2a76\" class=\"indavideo-player\" title=\"indavideo video player\" src=\"\/\/embed.indavideo.hu\/player\/video\/b47c4b2a76\" width=\"640\" height=\"360\" frameborder=\"0\" scrolling=\"no\" allowfullscreen=\"allowfullscreen\"><\/iframe><\/p>\n\n\n\n<hr class=\"wp-block-separator has-text-color has-pale-pink-color has-alpha-channel-opacity has-pale-pink-background-color has-background is-style-wide\"\/>\n\n\n\n<figure class=\"wp-block-embed is-type-wp-embed is-provider-indavideo wp-block-embed-indavideo\"><div class=\"wp-block-embed__wrapper\">\n<iframe loading=\"lazy\" class=\"wp-embedded-content\" sandbox=\"allow-scripts\" security=\"restricted\" title=\"indavideo video player\" src=\"https:\/\/indavideo.hu\/player\/video\/78d8e5bd78\/#?secret=1Sjf5ghu8H\" data-secret=\"1Sjf5ghu8H\" scrolling=\"no\" width=\"800\" height=\"450\" frameborder=\"0\"><\/iframe>\n<\/div><\/figure>\n\n\n\n<hr class=\"wp-block-separator has-text-color has-pale-pink-color has-alpha-channel-opacity has-pale-pink-background-color has-background is-style-wide\"\/>\n\n\n\n<p><iframe loading=\"lazy\" id=\"player-ff1d221266\" class=\"indavideo-player\" title=\"indavideo video player\" src=\"\/\/embed.indavideo.hu\/player\/video\/ff1d221266\" width=\"640\" height=\"360\" frameborder=\"0\" scrolling=\"no\" allowfullscreen=\"allowfullscreen\"><\/iframe><\/p>\n\n\n\n<hr class=\"wp-block-separator has-text-color has-pale-pink-color has-alpha-channel-opacity has-pale-pink-background-color has-background is-style-wide\"\/>\n\n\n<p><iframe loading=\"lazy\" id=\"player-3731e7e353\" class=\"indavideo-player\" title=\"indavideo video player\" src=\"\/\/embed.indavideo.hu\/player\/video\/3731e7e353\" width=\"640\" height=\"360\" frameborder=\"0\" scrolling=\"no\" allowfullscreen=\"allowfullscreen\"><\/iframe><\/p>\n\n\n<hr class=\"wp-block-separator has-alpha-channel-opacity is-style-wide\"\/>\n\n\n\n<p class=\"has-text-align-center\">ITT A V\u00c9GE&#8230;<\/p>\n","protected":false},"excerpt":{"rendered":"<p>2023\/2024-es tan\u00e9v vide\u00f3i ITT A V\u00c9GE&#8230;<\/p>\n","protected":false},"author":1,"featured_media":0,"parent":12,"menu_order":0,"comment_status":"closed","ping_status":"closed","template":"","meta":{"footnotes":""},"class_list":["post-115","page","type-page","status-publish","hentry"],"_links":{"self":[{"href":"https:\/\/videotar.tinodi-eger.hu\/index.php\/wp-json\/wp\/v2\/pages\/115","targetHints":{"allow":["GET"]}}],"collection":[{"href":"https:\/\/videotar.tinodi-eger.hu\/index.php\/wp-json\/wp\/v2\/pages"}],"about":[{"href":"https:\/\/videotar.tinodi-eger.hu\/index.php\/wp-json\/wp\/v2\/types\/page"}],"author":[{"embeddable":true,"href":"https:\/\/videotar.tinodi-eger.hu\/index.php\/wp-json\/wp\/v2\/users\/1"}],"replies":[{"embeddable":true,"href":"https:\/\/videotar.tinodi-eger.hu\/index.php\/wp-json\/wp\/v2\/comments?post=115"}],"version-history":[{"count":9,"href":"https:\/\/videotar.tinodi-eger.hu\/index.php\/wp-json\/wp\/v2\/pages\/115\/revisions"}],"predecessor-version":[{"id":209,"href":"https:\/\/videotar.tinodi-eger.hu\/index.php\/wp-json\/wp\/v2\/pages\/115\/revisions\/209"}],"up":[{"embeddable":true,"href":"https:\/\/videotar.tinodi-eger.hu\/index.php\/wp-json\/wp\/v2\/pages\/12"}],"wp:attachment":[{"href":"https:\/\/videotar.tinodi-eger.hu\/index.php\/wp-json\/wp\/v2\/media?parent=115"}],"curies":[{"name":"wp","href":"https:\/\/api.w.org\/{rel}","templated":true}]}}