{"id":133,"date":"2024-07-09T12:12:34","date_gmt":"2024-07-09T10:12:34","guid":{"rendered":"https:\/\/videotar.tinodi-eger.hu\/?page_id=133"},"modified":"2024-07-11T23:24:41","modified_gmt":"2024-07-11T21:24:41","slug":"2014-2015","status":"publish","type":"page","link":"https:\/\/videotar.tinodi-eger.hu\/index.php\/archiv\/2014-2015\/","title":{"rendered":"2014\/2015"},"content":{"rendered":"\n<p class=\"has-text-align-left has-white-color has-vivid-cyan-blue-background-color has-text-color has-background has-link-color has-medium-font-size wp-elements-22ca2cc7291091506e36c3b6328873dc\">2014\/2015-\u00f6s tan\u00e9v vide\u00f3i<\/p>\n\n\n<iframe loading=\"lazy\" title=\"indavideo video player\" allowfullscreen scrolling=\"no\" class=\"indavideo-player\"  id=\"player-1551484a48\" type=\"text\/html\" width=\"640\" height=\"360\" src=\"\/\/embed.indavideo.hu\/player\/video\/1551484a48\" frameborder=\"0\"><\/iframe><\/iframe>","protected":false},"excerpt":{"rendered":"<p>2014\/2015-\u00f6s tan\u00e9v vide\u00f3i<\/p>\n","protected":false},"author":1,"featured_media":0,"parent":12,"menu_order":9,"comment_status":"closed","ping_status":"closed","template":"","meta":{"footnotes":""},"class_list":["post-133","page","type-page","status-publish","hentry"],"_links":{"self":[{"href":"https:\/\/videotar.tinodi-eger.hu\/index.php\/wp-json\/wp\/v2\/pages\/133","targetHints":{"allow":["GET"]}}],"collection":[{"href":"https:\/\/videotar.tinodi-eger.hu\/index.php\/wp-json\/wp\/v2\/pages"}],"about":[{"href":"https:\/\/videotar.tinodi-eger.hu\/index.php\/wp-json\/wp\/v2\/types\/page"}],"author":[{"embeddable":true,"href":"https:\/\/videotar.tinodi-eger.hu\/index.php\/wp-json\/wp\/v2\/users\/1"}],"replies":[{"embeddable":true,"href":"https:\/\/videotar.tinodi-eger.hu\/index.php\/wp-json\/wp\/v2\/comments?post=133"}],"version-history":[{"count":4,"href":"https:\/\/videotar.tinodi-eger.hu\/index.php\/wp-json\/wp\/v2\/pages\/133\/revisions"}],"predecessor-version":[{"id":236,"href":"https:\/\/videotar.tinodi-eger.hu\/index.php\/wp-json\/wp\/v2\/pages\/133\/revisions\/236"}],"up":[{"embeddable":true,"href":"https:\/\/videotar.tinodi-eger.hu\/index.php\/wp-json\/wp\/v2\/pages\/12"}],"wp:attachment":[{"href":"https:\/\/videotar.tinodi-eger.hu\/index.php\/wp-json\/wp\/v2\/media?parent=133"}],"curies":[{"name":"wp","href":"https:\/\/api.w.org\/{rel}","templated":true}]}}