{"id":140,"date":"2024-07-09T12:14:09","date_gmt":"2024-07-09T10:14:09","guid":{"rendered":"https:\/\/videotar.tinodi-eger.hu\/?page_id=140"},"modified":"2024-07-10T23:49:10","modified_gmt":"2024-07-10T21:49:10","slug":"korabbi-evek","status":"publish","type":"page","link":"https:\/\/videotar.tinodi-eger.hu\/index.php\/archiv\/korabbi-evek\/","title":{"rendered":"Kor\u00e1bbi \u00e9vek"},"content":{"rendered":"\n<p class=\"has-text-align-left has-white-color has-vivid-cyan-blue-background-color has-text-color has-background has-link-color has-medium-font-size wp-elements-01fe83c1080948c27a508375ab513f61\">Arch\u00edv vide\u00f3k kor\u00e1bbi tan\u00e9vekb\u0151l<\/p>\n","protected":false},"excerpt":{"rendered":"<p>Arch\u00edv vide\u00f3k kor\u00e1bbi tan\u00e9vekb\u0151l<\/p>\n","protected":false},"author":1,"featured_media":0,"parent":12,"menu_order":12,"comment_status":"closed","ping_status":"closed","template":"","meta":{"footnotes":""},"class_list":["post-140","page","type-page","status-publish","hentry"],"_links":{"self":[{"href":"https:\/\/videotar.tinodi-eger.hu\/index.php\/wp-json\/wp\/v2\/pages\/140","targetHints":{"allow":["GET"]}}],"collection":[{"href":"https:\/\/videotar.tinodi-eger.hu\/index.php\/wp-json\/wp\/v2\/pages"}],"about":[{"href":"https:\/\/videotar.tinodi-eger.hu\/index.php\/wp-json\/wp\/v2\/types\/page"}],"author":[{"embeddable":true,"href":"https:\/\/videotar.tinodi-eger.hu\/index.php\/wp-json\/wp\/v2\/users\/1"}],"replies":[{"embeddable":true,"href":"https:\/\/videotar.tinodi-eger.hu\/index.php\/wp-json\/wp\/v2\/comments?post=140"}],"version-history":[{"count":2,"href":"https:\/\/videotar.tinodi-eger.hu\/index.php\/wp-json\/wp\/v2\/pages\/140\/revisions"}],"predecessor-version":[{"id":228,"href":"https:\/\/videotar.tinodi-eger.hu\/index.php\/wp-json\/wp\/v2\/pages\/140\/revisions\/228"}],"up":[{"embeddable":true,"href":"https:\/\/videotar.tinodi-eger.hu\/index.php\/wp-json\/wp\/v2\/pages\/12"}],"wp:attachment":[{"href":"https:\/\/videotar.tinodi-eger.hu\/index.php\/wp-json\/wp\/v2\/media?parent=140"}],"curies":[{"name":"wp","href":"https:\/\/api.w.org\/{rel}","templated":true}]}}